{"id":1068,"date":"2017-12-05T04:39:41","date_gmt":"2017-12-05T04:39:41","guid":{"rendered":"http:\/\/piparkoogimaania.ee\/?page_id=1068"},"modified":"2017-12-05T04:39:41","modified_gmt":"2017-12-05T04:39:41","slug":"blogi","status":"publish","type":"page","link":"http:\/\/piparkoogimaania.ee\/en\/blogi\/","title":{"rendered":"Blogi"},"content":{"rendered":"<div class=\"wpb-content-wrapper\"><div class=\"vc-row-container container\"><div class=\"vc_row wpb_row vc_row-fluid vc_custom_1510148227310 vc_row-has-fill\"><div class=\"wpb_column vc_column_container vc_col-sm-12 vc_hidden-lg\"><div class=\"vc_column-inner\"><div class=\"wpb_wrapper\"><div class=\"vc_empty_space\"   style=\"height: 32px\"><span class=\"vc_empty_space_inner\"><\/span><\/div>\n\t<div class=\"wpb_text_column wpb_content_element\" >\n\t\t<div class=\"wpb_wrapper\">\n\t\t\t<p><a href=\"http:\/\/piparkoogimaania.ee\/en\/\"><img loading=\"lazy\" decoding=\"async\" class=\"aligncenter wp-image-318\" src=\"http:\/\/piparkoogimaania.ee\/wp-content\/uploads\/2017\/10\/logo-koeraga-300x125.png\" alt=\"\" width=\"400\" height=\"166\" srcset=\"http:\/\/piparkoogimaania.ee\/wp-content\/uploads\/2017\/10\/logo-koeraga-300x125.png 300w, http:\/\/piparkoogimaania.ee\/wp-content\/uploads\/2017\/10\/logo-koeraga-768x319.png 768w, http:\/\/piparkoogimaania.ee\/wp-content\/uploads\/2017\/10\/logo-koeraga-806x335.png 806w, http:\/\/piparkoogimaania.ee\/wp-content\/uploads\/2017\/10\/logo-koeraga-558x232.png 558w, http:\/\/piparkoogimaania.ee\/wp-content\/uploads\/2017\/10\/logo-koeraga-655x272.png 655w, http:\/\/piparkoogimaania.ee\/wp-content\/uploads\/2017\/10\/logo-koeraga.png 914w\" sizes=\"auto, (max-width: 400px) 100vw, 400px\" \/><\/a><\/p>\n\n\t\t<\/div>\n\t<\/div>\n<div class=\"vc_empty_space\"   style=\"height: 32px\"><span class=\"vc_empty_space_inner\"><\/span><\/div><\/div><\/div><\/div><\/div><\/div><div class=\"vc-row-container vc-row-container--stretch-content-no-spaces\"><div data-vc-full-width=\"true\" data-vc-full-width-temp=\"true\" data-vc-full-width-init=\"false\" data-vc-stretch-content=\"true\" class=\"vc_row wpb_row vc_row-fluid vc_custom_1509873231888 vc_row-has-fill vc_row-no-padding\"><div class=\"wpb_column vc_column_container vc_col-sm-3 vc_hidden-md vc_hidden-sm vc_hidden-xs\"><div class=\"vc_column-inner vc_custom_1510148262816\"><div class=\"wpb_wrapper\">\n\t<div class=\"wpb_text_column wpb_content_element vc_custom_1509518489939\" >\n\t\t<div class=\"wpb_wrapper\">\n\t\t\t<p><a href=\"http:\/\/piparkoogimaania.ee\/en\/\"><img loading=\"lazy\" decoding=\"async\" class=\"alignright wp-image-318\" src=\"http:\/\/piparkoogimaania.ee\/wp-content\/uploads\/2017\/10\/logo-koeraga-300x125.png\" alt=\"\" width=\"250\" height=\"104\" srcset=\"http:\/\/piparkoogimaania.ee\/wp-content\/uploads\/2017\/10\/logo-koeraga-300x125.png 300w, http:\/\/piparkoogimaania.ee\/wp-content\/uploads\/2017\/10\/logo-koeraga-768x319.png 768w, http:\/\/piparkoogimaania.ee\/wp-content\/uploads\/2017\/10\/logo-koeraga-806x335.png 806w, http:\/\/piparkoogimaania.ee\/wp-content\/uploads\/2017\/10\/logo-koeraga-558x232.png 558w, http:\/\/piparkoogimaania.ee\/wp-content\/uploads\/2017\/10\/logo-koeraga-655x272.png 655w, http:\/\/piparkoogimaania.ee\/wp-content\/uploads\/2017\/10\/logo-koeraga.png 914w\" sizes=\"auto, (max-width: 250px) 100vw, 250px\" \/><\/a><\/p>\n\n\t\t<\/div>\n\t<\/div>\n<div class=\"vc_empty_space\"   style=\"height: 2px\"><span class=\"vc_empty_space_inner\"><\/span><\/div><\/div><\/div><\/div><div class=\"wpb_column vc_column_container vc_col-sm-9 vc_hidden-md vc_hidden-sm vc_hidden-xs\"><div class=\"vc_column-inner\"><div class=\"wpb_wrapper\">\n\t<div class=\"wpb_text_column wpb_content_element vc_custom_1509518142667\" >\n\t\t<div class=\"wpb_wrapper\">\n\t\t\t<p style=\"text-align: left;\"><div id=\"layerslider_1_1iryj3iboqor3\"  class=\"ls-wp-container fitvidsignore ls-selectable\" style=\"width:900px;height:125px;margin:0 auto;margin-bottom: 0px;\"><div class=\"ls-slide\" ><a style=\"\" class=\"ls-l\" href=\"http:\/\/piparkoogimaania.ee\/en\/\" target=\"_self\" data-ls=\"showinfo:1;hover:true;hovereasingin:easeInOutQuint;hoveropacity:1;hoverscalex:1.1;hoverscaley:1.1;position:relative;\"><img loading=\"lazy\" decoding=\"async\" width=\"261\" height=\"386\" src=\"http:\/\/piparkoogimaania.ee\/wp-content\/uploads\/2017\/10\/piparkoogimaania_menuicon_1-1.png\" class=\"ls-img-layer\" alt=\"\" srcset=\"http:\/\/piparkoogimaania.ee\/wp-content\/uploads\/2017\/10\/piparkoogimaania_menuicon_1-1.png 261w, http:\/\/piparkoogimaania.ee\/wp-content\/uploads\/2017\/10\/piparkoogimaania_menuicon_1-1-203x300.png 203w\" sizes=\"auto, (max-width: 261px) 100vw, 261px\" style=\"top:-7px;left:73px;text-align:initial;font-weight:400;font-style:normal;text-decoration:none;width:88px;height:130px;\"><\/a><a style=\"\" class=\"ls-l\" href=\"http:\/\/piparkoogimaania.ee\/en\/\" target=\"_self\" data-ls=\"showinfo:1;position:relative;\"><div style=\"top:112px;left:86px;text-align:center;font-weight:400;font-style:normal;text-decoration:none;font-size:18px;color:#ffffff;\" class=\"ls-html-layer\">Maania<\/div><\/a><a style=\"\" class=\"ls-l\" href=\"http:\/\/piparkoogimaania.ee\/en\/\" target=\"_self\" data-ls=\"showinfo:1;position:relative;\"><p style=\"top:93px;left:73px;text-align:center;font-weight:100;font-style:normal;text-decoration:none;font-size:18px;color:#ffffff;line-height:22px;\" class=\"ls-text-layer\">Piparkoogi-<\/p><\/a><a style=\"\" class=\"ls-l\" href=\"http:\/\/piparkoogimaania.ee\/en\/tootoad\/\" target=\"_self\" data-ls=\"showinfo:1;hover:true;hovereasingin:easeInOutQuint;hoveropacity:1;hoverscalex:1.1;hoverscaley:1.1;position:relative;\"><img loading=\"lazy\" decoding=\"async\" width=\"261\" height=\"386\" src=\"http:\/\/piparkoogimaania.ee\/wp-content\/uploads\/2017\/10\/piparkoogimaania_menuicon_3-1.png\" class=\"ls-img-layer\" alt=\"\" srcset=\"http:\/\/piparkoogimaania.ee\/wp-content\/uploads\/2017\/10\/piparkoogimaania_menuicon_3-1.png 261w, http:\/\/piparkoogimaania.ee\/wp-content\/uploads\/2017\/10\/piparkoogimaania_menuicon_3-1-203x300.png 203w\" sizes=\"auto, (max-width: 261px) 100vw, 261px\" style=\"top:1px;left:160px;text-align:initial;font-weight:400;font-style:normal;text-decoration:none;width:87px;height:128px;\"><\/a><a style=\"\" class=\"ls-l\" href=\"http:\/\/piparkoogimaania.ee\/en\/tootoad\/\" target=\"_self\" data-ls=\"showinfo:1;position:relative;\"><p style=\"top:100px;left:186px;text-align:initial;font-weight:400;font-style:normal;text-decoration:none;font-size:18px;color:#ffffff;\" class=\"ls-text-layer\">Workshops<\/p><\/a><a style=\"\" class=\"ls-l\" href=\"http:\/\/piparkoogimaania.ee\/en\/piparkoogimaania\/\" target=\"_self\" data-ls=\"showinfo:1;hover:true;hovereasingin:easeInOutQuint;hoveropacity:1;hoverscalex:1.1;hoverscaley:1.1;position:relative;\"><img loading=\"lazy\" decoding=\"async\" width=\"261\" height=\"386\" src=\"http:\/\/piparkoogimaania.ee\/wp-content\/uploads\/2017\/10\/piparkoogimaania_menuicon_7-1.png\" class=\"ls-img-layer\" alt=\"\" srcset=\"http:\/\/piparkoogimaania.ee\/wp-content\/uploads\/2017\/10\/piparkoogimaania_menuicon_7-1.png 261w, http:\/\/piparkoogimaania.ee\/wp-content\/uploads\/2017\/10\/piparkoogimaania_menuicon_7-1-203x300.png 203w\" sizes=\"auto, (max-width: 261px) 100vw, 261px\" style=\"top:0px;left:362px;text-align:initial;font-weight:400;font-style:normal;text-decoration:none;width:85px;height:125px;\"><\/a><a style=\"\" class=\"ls-l\" href=\"http:\/\/piparkoogimaania.ee\/en\/piparkoogimaania\/\" target=\"_self\" data-ls=\"showinfo:1;position:relative;\"><p style=\"top:100px;left:380px;text-align:initial;font-weight:400;font-style:normal;text-decoration:none;font-size:18px;color:#ffffff;\" class=\"ls-text-layer\">N\u00e4itused<\/p><\/a><a style=\"\" class=\"ls-l\" href=\"http:\/\/piparkoogimaania.ee\/en\/fotokonkurss\/\" target=\"_self\" data-ls=\"showinfo:1;hover:true;hovereasingin:easeInOutQuint;hoveropacity:1;hoverscalex:1.1;hoverscaley:1.1;position:relative;\"><img loading=\"lazy\" decoding=\"async\" width=\"261\" height=\"386\" src=\"http:\/\/piparkoogimaania.ee\/wp-content\/uploads\/2017\/10\/piparkoogimaania_menuicon_4-1.png\" class=\"ls-img-layer\" alt=\"\" srcset=\"http:\/\/piparkoogimaania.ee\/wp-content\/uploads\/2017\/10\/piparkoogimaania_menuicon_4-1.png 261w, http:\/\/piparkoogimaania.ee\/wp-content\/uploads\/2017\/10\/piparkoogimaania_menuicon_4-1-203x300.png 203w\" sizes=\"auto, (max-width: 261px) 100vw, 261px\" style=\"top:-1px;left:262px;text-align:initial;font-weight:400;font-style:normal;text-decoration:none;width:88px;height:129px;\"><\/a><a style=\"\" class=\"ls-l\" href=\"http:\/\/piparkoogimaania.ee\/en\/fotokonkurss\/\" target=\"_self\" data-ls=\"showinfo:1;position:relative;\"><p style=\"top:100px;left:275px;text-align:initial;font-weight:400;font-style:normal;text-decoration:none;font-size:18px;color:#ffffff;\" class=\"ls-text-layer\">Fotov\u00f5istlus<\/p><\/a><a style=\"\" class=\"ls-l\" href=\"http:\/\/piparkoogimaania.ee\/en\/ajalugu\/\" target=\"_self\" data-ls=\"showinfo:1;hover:true;hovereasingin:easeInOutQuint;hoveropacity:1;hoverscalex:1.1;hoverscaley:1.1;position:relative;\"><img loading=\"lazy\" decoding=\"async\" width=\"261\" height=\"386\" src=\"http:\/\/piparkoogimaania.ee\/wp-content\/uploads\/2017\/10\/piparkoogimaania_menuicon_5-1.png\" class=\"ls-img-layer\" alt=\"\" srcset=\"http:\/\/piparkoogimaania.ee\/wp-content\/uploads\/2017\/10\/piparkoogimaania_menuicon_5-1.png 261w, http:\/\/piparkoogimaania.ee\/wp-content\/uploads\/2017\/10\/piparkoogimaania_menuicon_5-1-203x300.png 203w\" sizes=\"auto, (max-width: 261px) 100vw, 261px\" style=\"top:1px;left:465px;text-align:initial;font-weight:400;font-style:normal;text-decoration:none;width:85px;height:125px;\"><\/a><a style=\"\" class=\"ls-l\" href=\"http:\/\/piparkoogimaania.ee\/en\/ajalugu\/\" target=\"_self\" data-ls=\"showinfo:1;position:relative;\"><p style=\"top:93px;left:466px;text-align:initial;font-weight:400;font-style:normal;text-decoration:none;font-size:18px;color:#ffffff;\" class=\"ls-text-layer\">Piparkoogi<\/p><\/a><a style=\"\" class=\"ls-l\" href=\"http:\/\/piparkoogimaania.ee\/en\/ajalugu\/\" target=\"_self\" data-ls=\"showinfo:1;position:relative;\"><p style=\"top:109px;left:477px;text-align:initial;font-weight:400;font-style:normal;text-decoration:none;font-size:18px;color:#ffffff;\" class=\"ls-text-layer\">ajalugu<\/p><\/a><a style=\"\" class=\"ls-l\" href=\"http:\/\/piparkoogimaania.ee\/en\/kupsetusnipid\/\" target=\"_self\" data-ls=\"showinfo:1;hover:true;hovereasingin:easeInOutQuint;hoveropacity:1;hoverscalex:1.1;hoverscaley:1.1;position:relative;\"><img loading=\"lazy\" decoding=\"async\" width=\"261\" height=\"386\" src=\"http:\/\/piparkoogimaania.ee\/wp-content\/uploads\/2017\/10\/piparkoogimaania_menuicon_2-1.png\" class=\"ls-img-layer\" alt=\"\" srcset=\"http:\/\/piparkoogimaania.ee\/wp-content\/uploads\/2017\/10\/piparkoogimaania_menuicon_2-1.png 261w, http:\/\/piparkoogimaania.ee\/wp-content\/uploads\/2017\/10\/piparkoogimaania_menuicon_2-1-203x300.png 203w\" sizes=\"auto, (max-width: 261px) 100vw, 261px\" style=\"top:-4px;left:572px;text-align:initial;font-weight:400;font-style:normal;text-decoration:none;width:86px;height:126px;\"><\/a><a style=\"\" class=\"ls-l\" href=\"http:\/\/piparkoogimaania.ee\/en\/kupsetusnipid\/\" target=\"_self\" data-ls=\"showinfo:1;position:relative;\"><p style=\"top:93px;left:580px;text-align:initial;font-weight:400;font-style:normal;text-decoration:none;font-size:18px;color:#ffffff;\" class=\"ls-text-layer\">K\u00fcpsetus-<\/p><\/a><a style=\"\" class=\"ls-l\" href=\"http:\/\/piparkoogimaania.ee\/en\/kupsetusnipid\/\" target=\"_self\" data-ls=\"showinfo:1;position:relative;\"><p style=\"top:110px;left:602px;text-align:initial;font-weight:400;font-style:normal;text-decoration:none;font-size:18px;color:#ffffff;\" class=\"ls-text-layer\">nipid<\/p><\/a><a style=\"\" class=\"ls-l\" href=\"http:\/\/piparkoogimaania.ee\/en\/toetajad\/\" target=\"_self\" data-ls=\"showinfo:1;hover:true;hovereasingin:easeInOutQuint;hoveropacity:1;hoverscalex:1.1;hoverscaley:1.1;position:relative;\"><img loading=\"lazy\" decoding=\"async\" width=\"125\" height=\"185\" src=\"http:\/\/piparkoogimaania.ee\/wp-content\/uploads\/2018\/10\/piparkoogimaania_menuicon_92.png\" class=\"ls-img-layer\" alt=\"\" style=\"top:2px;left:684px;text-align:initial;font-weight:400;font-style:normal;text-decoration:none;width:85px;height:125px;\"><\/a><a style=\"\" class=\"ls-l\" href=\"http:\/\/piparkoogimaania.ee\/en\/toetajad\/\" target=\"_self\" data-ls=\"showinfo:1;position:relative;\"><p style=\"top:110px;left:685px;text-align:initial;font-weight:400;font-style:normal;text-decoration:none;font-size:18px;color:#ffffff;\" class=\"ls-text-layer\">ja toetajad<\/p><\/a><a style=\"\" class=\"ls-l\" href=\"http:\/\/piparkoogimaania.ee\/en\/toetajad\/\" target=\"_self\" data-ls=\"showinfo:1;position:relative;\"><p style=\"top:92px;left:682px;text-align:initial;font-weight:400;font-style:normal;text-decoration:none;font-size:18px;color:#ffffff;\" class=\"ls-text-layer\">Team<\/p><\/a><a style=\"\" class=\"ls-l\" href=\"http:\/\/piparkoogimaania.ee\/en\/meedia\/\" target=\"_self\" data-ls=\"showinfo:1;hover:true;hovereasingin:easeInOutQuint;hoveropacity:1;hoverscalex:1.1;hoverscaley:1.1;position:relative;\"><img loading=\"lazy\" decoding=\"async\" width=\"261\" height=\"386\" src=\"http:\/\/piparkoogimaania.ee\/wp-content\/uploads\/2017\/10\/piparkoogimaania_menuicon_8-1.png\" class=\"ls-img-layer\" alt=\"\" srcset=\"http:\/\/piparkoogimaania.ee\/wp-content\/uploads\/2017\/10\/piparkoogimaania_menuicon_8-1.png 261w, http:\/\/piparkoogimaania.ee\/wp-content\/uploads\/2017\/10\/piparkoogimaania_menuicon_8-1-203x300.png 203w\" sizes=\"auto, (max-width: 261px) 100vw, 261px\" style=\"top:3px;left:793px;text-align:initial;font-weight:400;font-style:normal;text-decoration:none;width:85px;height:125px;\"><\/a><a style=\"\" class=\"ls-l\" href=\"http:\/\/piparkoogimaania.ee\/en\/meedia\/\" target=\"_self\" data-ls=\"showinfo:1;position:relative;\"><p style=\"top:100px;left:808px;text-align:initial;font-weight:400;font-style:normal;text-decoration:none;font-size:18px;color:#ffffff;\" class=\"ls-text-layer\">Media<\/p><\/a><\/div><\/div>\n\n\t\t<\/div>\n\t<\/div>\n<\/div><\/div><\/div><\/div><\/div><div class=\"vc-row-container container\"><div class=\"vc_row wpb_row vc_row-fluid vc_custom_1509872669074 vc_row-has-fill\"><div class=\"wpb_column vc_column_container vc_col-sm-12\"><div class=\"vc_column-inner\"><div class=\"wpb_wrapper\"><div class=\"vc_empty_space\"   style=\"height: 100px\"><span class=\"vc_empty_space_inner\"><\/span><\/div><h2 style=\"font-size: 35px;color: #ffffff;text-align: center\" class=\"vc_custom_heading vc_do_custom_heading\" >PiparkoogiMaania blogi<\/h2><\/div><\/div><\/div><\/div><\/div><div class=\"vc-row-container container\"><div class=\"vc_row wpb_row vc_row-fluid vc_custom_1512448773297 vc_row-has-fill\"><div class=\"wpb_column vc_column_container vc_col-sm-12\"><div class=\"vc_column-inner\"><div class=\"wpb_wrapper\"><div class=\"kalium-wpb-blog-posts\"><style data-inline-style>#blog-posts-wpb-1 {--k-post-item-border-width: 1px;--k-post-item-border-style: solid;--k-post-item-border-color: var(--k-color-8);--k-post-item-padding: var(--k-content-spacing-2);}<\/style>\n<style data-inline-style>.blog-posts-wpb-1 {--k-post-item-image-placeholder-bg: var(--k-border-color);--k-post-item-hover-layer-bg: rgba(var(--k-color-1-rgb), 0.9);--k-post-item-hover-layer-offset: 0px;--k-post-item-image-placeholder-bg-rgb: var(--k-border-color-rgb);--k-post-item-hover-layer-bg-rgb: var(--k-color-1-rgb);}<\/style>\n<style data-inline-style=\"blog-post-style-styles\">.blog-posts {--k-post-item-title: var(--k-heading-color);--k-post-item-text: var(--k-body-color);}<\/style>\n<ul id=\"blog-posts-wpb-1\" class=\"blog-posts grid blog-posts-wpb-1 columns-1 columns-md-2 columns-xl-3 blog-posts--grid blog-posts--boundless-image\">\n\t\n\t<li id=\"post-1071\" class=\"post post-1071 type-post status-publish format-standard hentry category-uncategorized\">\n\n\t<article class=\"post-item\">\n\t\t\n\t\t<div class=\"post-thumbnail\">\n\t\n\t\n\t\t\t\t<a href=\"http:\/\/piparkoogimaania.ee\/en\/uncategorized\/piparkoogimaan-marianne\/\" target=\"\" aria-label=\"Piparkoogimaan Marianne\">\n\t\t\t\t<div class=\"blank-image\"><span class=\"image-placeholder\"><\/span><\/div>\t\t\t<\/a>\n\t\t\t\t\n\t<div class=\"post-hover\">\n\t\n\t<span class=\"hover-icon basic\"><i class=\"kalium-icon-eye\"><\/i><\/span>\t\n<\/div>\n<div class=\"post-format-icon\" data-valign=\"\" data-halign=\"\">\n\t<i class=\"icon kalium-icon-blog-post-default\"><\/i>\n<\/div>\n\t\n<\/div>\n\t\t\n\t\t<div class=\"post-details\">\n\t\t\t\n\t\t\t<h3 class=\"entry-title post-title link-plain\"><a href=\"http:\/\/piparkoogimaania.ee\/en\/uncategorized\/piparkoogimaan-marianne\/\" target=\"\" rel=\"bookmark\">Piparkoogimaan Marianne<\/a><\/h3>\t\t\t<div class=\"post-excerpt entry-summary\">\n\t\t\t\t<p>&nbsp; Igal talvel vallutab Eestit maania, millest paljud on j\u00e4\u00e4nud s\u00f5ltuvaks \u2013 see on loomulikult PiparkoogiMaania. \u00dcks neist on Marianne Reinsoo, kes t\u00f6\u00f6tab igap\u00e4evaselt raamatupidajana.&hellip;<\/p>\n\t\t\t<\/div>\n\t\t\t<div class=\"entry-meta\"><\/div>\t\t\t\n\t\t<\/div>\n\t\t\n\t\t\t\t\n\t<\/article>\n\t\n<\/li>\n\t\n<\/ul>\n<\/div><\/div><\/div><\/div><\/div><\/div><div class=\"vc-row-container container\"><div class=\"vc_row wpb_row vc_row-fluid vc_custom_1510053632976 vc_row-has-fill\"><div class=\"wpb_column vc_column_container vc_col-sm-1\"><div class=\"vc_column-inner\"><div class=\"wpb_wrapper\"><\/div><\/div><\/div><div class=\"wpb_column vc_column_container vc_col-sm-10\"><div class=\"vc_column-inner\"><div class=\"wpb_wrapper\"><div class=\"vc_empty_space\"   style=\"height: 60px\"><span class=\"vc_empty_space_inner\"><\/span><\/div><h2 style=\"font-size: 25px;color: #ffffff;text-align: left\" class=\"vc_custom_heading vc_do_custom_heading\" >PiparkoogiMaania fotov\u00f5istlus 2016 Mets<\/h2><div class=\"vc_empty_space\"   style=\"height: 50px\"><span class=\"vc_empty_space_inner\"><\/span><\/div>\n\t<div class=\"wpb_text_column wpb_content_element\" >\n\t\t<div class=\"wpb_wrapper\">\n\t\t\t<p>PiparkoogiMaania 2016 fotov\u00f5istluse teema on \u201cMets\u201d. Mets on igale eestlasele v\u00e4ga hingel\u00e4hedane ja Eesti suurim varandus. Mets on koduks loendamatutele taime- ja loomaliikidele. Lisaks n\u00e4htavale maailmale elavad metsas ka metsavaimud, haldjad ja n\u00f5iad. Seal k\u00e4ib elu nii maa peal, kui maa all ja k\u00f5rgemate puude ladvad ulatuvad isegi pilvedeni. Mets on eriline koht. Konkursil auhinnatud t\u00f6\u00f6d t\u00e4iskasvanute, suuremate ja v\u00e4iksemate laste kategooriates:<\/p>\n\n\t\t<\/div>\n\t<\/div>\n<\/div><\/div><\/div><div class=\"wpb_column vc_column_container vc_col-sm-1\"><div class=\"vc_column-inner\"><div class=\"wpb_wrapper\"><\/div><\/div><\/div><\/div><\/div>\n<\/div>","protected":false},"excerpt":{"rendered":"&nbsp; Igal talvel vallutab Eestit maania, millest paljud on j\u00e4\u00e4nud s\u00f5ltuvaks \u2013 see on loomulikult PiparkoogiMaania. \u00dcks neist on Marianne Reinsoo, kes t\u00f6\u00f6tab igap\u00e4evaselt raamatupidajana.&hellip;","protected":false},"author":1,"featured_media":0,"parent":0,"menu_order":0,"comment_status":"closed","ping_status":"closed","template":"","meta":{"_acf_changed":false,"footnotes":""},"class_list":["post-1068","page","type-page","status-publish","hentry"],"acf":[],"aioseo_notices":[],"_links":{"self":[{"href":"http:\/\/piparkoogimaania.ee\/en\/wp-json\/wp\/v2\/pages\/1068","targetHints":{"allow":["GET"]}}],"collection":[{"href":"http:\/\/piparkoogimaania.ee\/en\/wp-json\/wp\/v2\/pages"}],"about":[{"href":"http:\/\/piparkoogimaania.ee\/en\/wp-json\/wp\/v2\/types\/page"}],"author":[{"embeddable":true,"href":"http:\/\/piparkoogimaania.ee\/en\/wp-json\/wp\/v2\/users\/1"}],"replies":[{"embeddable":true,"href":"http:\/\/piparkoogimaania.ee\/en\/wp-json\/wp\/v2\/comments?post=1068"}],"version-history":[{"count":2,"href":"http:\/\/piparkoogimaania.ee\/en\/wp-json\/wp\/v2\/pages\/1068\/revisions"}],"predecessor-version":[{"id":1070,"href":"http:\/\/piparkoogimaania.ee\/en\/wp-json\/wp\/v2\/pages\/1068\/revisions\/1070"}],"wp:attachment":[{"href":"http:\/\/piparkoogimaania.ee\/en\/wp-json\/wp\/v2\/media?parent=1068"}],"curies":[{"name":"wp","href":"https:\/\/api.w.org\/{rel}","templated":true}]}}